{"id":21514,"date":"2026-01-05T01:14:46","date_gmt":"2026-01-05T00:14:46","guid":{"rendered":"https:\/\/hotelaugustus.augustushotels.es\/clause-de-non-responsabilite\/"},"modified":"2026-03-13T16:29:16","modified_gmt":"2026-03-13T15:29:16","slug":"clause-de-non-responsabilite","status":"publish","type":"page","link":"https:\/\/hotelaugustus.augustushotels.es\/fr\/clause-de-non-responsabilite\/","title":{"rendered":"Clause de non-responsabilit\u00e9"},"content":{"rendered":"\t\t<div data-elementor-type=\"wp-page\" data-elementor-id=\"21514\" class=\"elementor elementor-21514 elementor-13888\" data-elementor-post-type=\"page\">\n\t\t\t\t<div class=\"elementor-element elementor-element-a8df9eb cs-section-content-fullwidth cs_scroll_y_120 cs-parallax-on-scroll e-flex e-con-boxed e-con e-parent\" data-id=\"a8df9eb\" data-element_type=\"container\" data-e-type=\"container\" data-settings=\"{&quot;background_background&quot;:&quot;slideshow&quot;,&quot;background_slideshow_gallery&quot;:[{&quot;id&quot;:15382,&quot;url&quot;:&quot;https:\\\/\\\/hotelaugustus.augustushotels.es\\\/wp-content\\\/uploads\\\/2026\\\/01\\\/Augustus-mar-y-piscina.webp&quot;},{&quot;id&quot;:15401,&quot;url&quot;:&quot;https:\\\/\\\/hotelaugustus.augustushotels.es\\\/wp-content\\\/uploads\\\/2026\\\/01\\\/apartamentos-augustus.webp&quot;},{&quot;id&quot;:15399,&quot;url&quot;:&quot;https:\\\/\\\/hotelaugustus.augustushotels.es\\\/wp-content\\\/uploads\\\/2026\\\/01\\\/hotel-augustus.webp&quot;}],&quot;background_slideshow_ken_burns&quot;:&quot;yes&quot;,&quot;background_slideshow_lazyload&quot;:&quot;yes&quot;,&quot;background_slideshow_loop&quot;:&quot;yes&quot;,&quot;background_slideshow_slide_duration&quot;:5000,&quot;background_slideshow_slide_transition&quot;:&quot;fade&quot;,&quot;background_slideshow_transition_duration&quot;:500,&quot;background_slideshow_ken_burns_zoom_direction&quot;:&quot;in&quot;}\" data-cs-parallax-y=\"120\">\n\t\t\t\t\t<div class=\"e-con-inner\">\n\t\t\t\t\t<\/div>\n\t\t\t\t<\/div>\n\t\t<div class=\"elementor-element elementor-element-7315c8a e-flex e-con-boxed e-con e-parent\" data-id=\"7315c8a\" data-element_type=\"container\" data-e-type=\"container\">\n\t\t\t\t\t<div class=\"e-con-inner\">\n\t\t\t\t<div class=\"elementor-element elementor-element-996df17 elementor-widget elementor-widget-cs_title\" data-id=\"996df17\" data-element_type=\"widget\" data-e-type=\"widget\" data-widget_type=\"cs_title.default\">\n\t\t\t\t<div class=\"elementor-widget-container\">\n\t\t\t\t\t\n        <div class=\"cs-title-wrap text-center\">\t            <div class=\"cs-subtitle-wrap\"><span class=\"cs-subtitle\">H\u00d4TELS AUGUSTUS<\/span><\/div>\t            <h4 class=\"cs-title\">\n\t                Clause de non-responsabilit\u00e9\t            <\/h4>        <\/div>\t\t\t\t<\/div>\n\t\t\t\t<\/div>\n\t\t\t\t\t<\/div>\n\t\t\t\t<\/div>\n\t\t<div class=\"elementor-element elementor-element-5e1695f5 e-flex e-con-boxed e-con e-parent\" data-id=\"5e1695f5\" data-element_type=\"container\" data-e-type=\"container\">\n\t\t\t\t\t<div class=\"e-con-inner\">\n\t\t\t\t<div class=\"elementor-element elementor-element-4057cb32 augustus-legal-txt elementor-widget elementor-widget-shortcode\" data-id=\"4057cb32\" data-element_type=\"widget\" data-e-type=\"widget\" data-widget_type=\"shortcode.default\">\n\t\t\t\t\t\t\t<div class=\"elementor-shortcode\">\n<!-- Legal document generated by Complianz | GDPR\/CCPA Cookie Consent https:\/\/wordpress.org\/plugins\/complianz-gdpr -->\n<div id=\"cmplz-document\" class=\"cmplz-document disclaimer cmplz-document-all\"><p>AUGUSTUS HOTELS (CENTUR, SL) s\u2019engage \u00e0 maintenir ce site web \u00e0 jour en temps et en heure. Si toutefois vous rencontriez un probl\u00e8me ou des donn\u00e9es obsol\u00e8te, nous vous serions reconnaissants de nous le faire savoir. Veuillez indiquer o\u00f9 sur le site web vous lisez les informations incorrectes. Nous examinerons cela d\u00e8s que possible. Veuillez envoyer votre r\u00e9ponse par e-mail \u00e0: <span class=\"cmplz-obfuscate\">d&#105;&#114;&#101;c&#099;i&#111;&#110;@<span class=\"cmplz-fmail-domain\">ex&#046;c&#111;&#109;<\/span>&#104;o&#116;&#101;&#108;&#097;&#117;g&#117;s&#116;us&#046;&#101;s<\/span>.<\/p><p>Nous ne sommes pas responsables des pertes r\u00e9sultant d\u2019inexactitudes ou de lacunes, ni des pertes r\u00e9sultant de probl\u00e8mes caus\u00e9s par ou inh\u00e9rents \u00e0 la diffusion d\u2019informations par Internet, tels que des perturbations ou des interruptions. Lors de l\u2019utilisation de formulaires Web, nous nous effor\u00e7ons de limiter le nombre de champs obligatoires au minimum. Pour toute perte subie \u00e0 la suite de l\u2019utilisation de donn\u00e9es, de conseils ou d\u2019id\u00e9es fournis par ou au nom de AUGUSTUS HOTELS (CENTUR, SL) via ce site web, AUGUSTUS HOTELS (CENTUR, SL) n\u2019assume aucune responsabilit\u00e9.<\/p><p>Tous les droits de propri\u00e9t\u00e9 intellectuelle sur le contenu de ce site web sont la propri\u00e9t\u00e9 de AUGUSTUS HOTELS (CENTUR, SL).<\/p><p>La copie, la diffusion et toute autre utilisation de ces documents sont interdites sans l\u2019autorisation \u00e9crite de AUGUSTUS HOTELS (CENTUR, SL) , sauf si et dans la mesure o\u00f9 le stipule une r\u00e9glementation imp\u00e9rative (telle que le droit de citer), sauf indication contraire du contenu.<\/p><p>Si vous avez des questions ou des probl\u00e8mes d\u2019accessibilit\u00e9 du site, n\u2019h\u00e9sitez pas \u00e0 nous contacter.<\/p><\/div><\/div>\n\t\t\t\t\t\t<\/div>\n\t\t\t\t\t<\/div>\n\t\t\t\t<\/div>\n\t\t\t\t<\/div>\n\t\t","protected":false},"excerpt":{"rendered":"<p>H\u00d4TELS AUGUSTUS Clause de non-responsabilit\u00e9<\/p>\n","protected":false},"author":1,"featured_media":0,"parent":0,"menu_order":0,"comment_status":"closed","ping_status":"closed","template":"elementor_header_footer","meta":{"cozystay_single_page_hide_site_header":"","cozystay_single_page_site_header_source":"","cozystay_single_page_custom_site_header":"0","cozystay_single_page_custom_sticky_site_header":"0","cozystay_single_page_hide_page_title":"","cozystay_single_page_header_section_size":"","cozystay_single_page_header_background_color":"","cozystay_single_page_header_background_position_x":"center","cozystay_single_page_header_background_position_y":"center","cozystay_single_page_header_background_size":"cover","cozystay_single_page_header_background_repeat":"off","cozystay_single_page_header_background_scroll":"on","cozystay_single_page_header_text_color":"","cozystay_single_page_header_show_breadcrumb":"","cozystay_single_page_site_footer_hide_main":"","cozystay_single_custom_site_footer_main_source":"","cozystay_single_custom_site_footer_main":"0","cozystay_single_page_site_footer_hide_above":"","cozystay_single_custom_site_footer_above_source":"","cozystay_single_custom_site_footer_above":"0","cozystay_single_page_site_footer_hide_instagram":"","cozystay_single_page_site_footer_hide_bottom":"","cozystay_single_custom_mobile_menu_source":"","cozystay_single_custom_mobile_menu":"0","cozystay_single_custom_mobile_menu_animation":"","cozystay_single_custom_mobile_menu_width":"","cozystay_single_custom_mobile_menu_custom_width":375,"footnotes":""},"class_list":["post-21514","page","type-page","status-publish","hentry"],"yoast_head":"<!-- This site is optimized with the Yoast SEO plugin v27.3 - https:\/\/yoast.com\/product\/yoast-seo-wordpress\/ -->\n<title>Clause de non-responsabilit\u00e9 | Hotel Augustus<\/title>\n<meta name=\"robots\" content=\"index, follow, max-snippet:-1, max-image-preview:large, max-video-preview:-1\" \/>\n<link rel=\"canonical\" href=\"https:\/\/hotelaugustus.augustushotels.es\/fr\/clause-de-non-responsabilite\/\" \/>\n<meta property=\"og:locale\" content=\"fr_FR\" \/>\n<meta property=\"og:type\" content=\"article\" \/>\n<meta property=\"og:title\" content=\"Clause de non-responsabilit\u00e9 | Hotel Augustus\" \/>\n<meta property=\"og:description\" content=\"H\u00d4TELS AUGUSTUS Clause de non-responsabilit\u00e9\" \/>\n<meta property=\"og:url\" content=\"https:\/\/hotelaugustus.augustushotels.es\/fr\/clause-de-non-responsabilite\/\" \/>\n<meta property=\"og:site_name\" content=\"Hotel Augustus\" \/>\n<meta property=\"article:modified_time\" content=\"2026-03-13T15:29:16+00:00\" \/>\n<meta name=\"twitter:card\" content=\"summary_large_image\" \/>\n<script type=\"application\/ld+json\" class=\"yoast-schema-graph\">{\"@context\":\"https:\\\/\\\/schema.org\",\"@graph\":[{\"@type\":\"WebPage\",\"@id\":\"https:\\\/\\\/hotelaugustus.augustushotels.es\\\/fr\\\/clause-de-non-responsabilite\\\/\",\"url\":\"https:\\\/\\\/hotelaugustus.augustushotels.es\\\/fr\\\/clause-de-non-responsabilite\\\/\",\"name\":\"Clause de non-responsabilit\u00e9 | Hotel Augustus\",\"isPartOf\":{\"@id\":\"https:\\\/\\\/hotelaugustus.augustushotels.es\\\/fr\\\/#website\"},\"datePublished\":\"2026-01-05T00:14:46+00:00\",\"dateModified\":\"2026-03-13T15:29:16+00:00\",\"breadcrumb\":{\"@id\":\"https:\\\/\\\/hotelaugustus.augustushotels.es\\\/fr\\\/clause-de-non-responsabilite\\\/#breadcrumb\"},\"inLanguage\":\"fr-FR\",\"potentialAction\":[{\"@type\":\"ReadAction\",\"target\":[\"https:\\\/\\\/hotelaugustus.augustushotels.es\\\/fr\\\/clause-de-non-responsabilite\\\/\"]}]},{\"@type\":\"BreadcrumbList\",\"@id\":\"https:\\\/\\\/hotelaugustus.augustushotels.es\\\/fr\\\/clause-de-non-responsabilite\\\/#breadcrumb\",\"itemListElement\":[{\"@type\":\"ListItem\",\"position\":1,\"name\":\"Portada\",\"item\":\"https:\\\/\\\/hotelaugustus.augustushotels.es\\\/fr\\\/inicio-2\\\/\"},{\"@type\":\"ListItem\",\"position\":2,\"name\":\"Clause de non-responsabilit\u00e9\"}]},{\"@type\":\"WebSite\",\"@id\":\"https:\\\/\\\/hotelaugustus.augustushotels.es\\\/fr\\\/#website\",\"url\":\"https:\\\/\\\/hotelaugustus.augustushotels.es\\\/fr\\\/\",\"name\":\"Hotel Augustus\",\"description\":\"Hotel en Cambrils en primera l\u00ednea de playa.\",\"potentialAction\":[{\"@type\":\"SearchAction\",\"target\":{\"@type\":\"EntryPoint\",\"urlTemplate\":\"https:\\\/\\\/hotelaugustus.augustushotels.es\\\/fr\\\/?s={search_term_string}\"},\"query-input\":{\"@type\":\"PropertyValueSpecification\",\"valueRequired\":true,\"valueName\":\"search_term_string\"}}],\"inLanguage\":\"fr-FR\"}]}<\/script>\n<!-- \/ Yoast SEO plugin. -->","yoast_head_json":{"title":"Clause de non-responsabilit\u00e9 | Hotel Augustus","robots":{"index":"index","follow":"follow","max-snippet":"max-snippet:-1","max-image-preview":"max-image-preview:large","max-video-preview":"max-video-preview:-1"},"canonical":"https:\/\/hotelaugustus.augustushotels.es\/fr\/clause-de-non-responsabilite\/","og_locale":"fr_FR","og_type":"article","og_title":"Clause de non-responsabilit\u00e9 | Hotel Augustus","og_description":"H\u00d4TELS AUGUSTUS Clause de non-responsabilit\u00e9","og_url":"https:\/\/hotelaugustus.augustushotels.es\/fr\/clause-de-non-responsabilite\/","og_site_name":"Hotel Augustus","article_modified_time":"2026-03-13T15:29:16+00:00","twitter_card":"summary_large_image","schema":{"@context":"https:\/\/schema.org","@graph":[{"@type":"WebPage","@id":"https:\/\/hotelaugustus.augustushotels.es\/fr\/clause-de-non-responsabilite\/","url":"https:\/\/hotelaugustus.augustushotels.es\/fr\/clause-de-non-responsabilite\/","name":"Clause de non-responsabilit\u00e9 | Hotel Augustus","isPartOf":{"@id":"https:\/\/hotelaugustus.augustushotels.es\/fr\/#website"},"datePublished":"2026-01-05T00:14:46+00:00","dateModified":"2026-03-13T15:29:16+00:00","breadcrumb":{"@id":"https:\/\/hotelaugustus.augustushotels.es\/fr\/clause-de-non-responsabilite\/#breadcrumb"},"inLanguage":"fr-FR","potentialAction":[{"@type":"ReadAction","target":["https:\/\/hotelaugustus.augustushotels.es\/fr\/clause-de-non-responsabilite\/"]}]},{"@type":"BreadcrumbList","@id":"https:\/\/hotelaugustus.augustushotels.es\/fr\/clause-de-non-responsabilite\/#breadcrumb","itemListElement":[{"@type":"ListItem","position":1,"name":"Portada","item":"https:\/\/hotelaugustus.augustushotels.es\/fr\/inicio-2\/"},{"@type":"ListItem","position":2,"name":"Clause de non-responsabilit\u00e9"}]},{"@type":"WebSite","@id":"https:\/\/hotelaugustus.augustushotels.es\/fr\/#website","url":"https:\/\/hotelaugustus.augustushotels.es\/fr\/","name":"Hotel Augustus","description":"Hotel en Cambrils en primera l\u00ednea de playa.","potentialAction":[{"@type":"SearchAction","target":{"@type":"EntryPoint","urlTemplate":"https:\/\/hotelaugustus.augustushotels.es\/fr\/?s={search_term_string}"},"query-input":{"@type":"PropertyValueSpecification","valueRequired":true,"valueName":"search_term_string"}}],"inLanguage":"fr-FR"}]}},"_links":{"self":[{"href":"https:\/\/hotelaugustus.augustushotels.es\/fr\/wp-json\/wp\/v2\/pages\/21514","targetHints":{"allow":["GET"]}}],"collection":[{"href":"https:\/\/hotelaugustus.augustushotels.es\/fr\/wp-json\/wp\/v2\/pages"}],"about":[{"href":"https:\/\/hotelaugustus.augustushotels.es\/fr\/wp-json\/wp\/v2\/types\/page"}],"author":[{"embeddable":true,"href":"https:\/\/hotelaugustus.augustushotels.es\/fr\/wp-json\/wp\/v2\/users\/1"}],"replies":[{"embeddable":true,"href":"https:\/\/hotelaugustus.augustushotels.es\/fr\/wp-json\/wp\/v2\/comments?post=21514"}],"version-history":[{"count":1,"href":"https:\/\/hotelaugustus.augustushotels.es\/fr\/wp-json\/wp\/v2\/pages\/21514\/revisions"}],"predecessor-version":[{"id":21515,"href":"https:\/\/hotelaugustus.augustushotels.es\/fr\/wp-json\/wp\/v2\/pages\/21514\/revisions\/21515"}],"wp:attachment":[{"href":"https:\/\/hotelaugustus.augustushotels.es\/fr\/wp-json\/wp\/v2\/media?parent=21514"}],"curies":[{"name":"wp","href":"https:\/\/api.w.org\/{rel}","templated":true}]}}