{"id":21516,"date":"2026-01-05T01:14:46","date_gmt":"2026-01-05T00:14:46","guid":{"rendered":"https:\/\/hotelaugustus.augustushotels.es\/haftungsausschluss\/"},"modified":"2026-03-13T16:29:50","modified_gmt":"2026-03-13T15:29:50","slug":"haftungsausschluss","status":"publish","type":"page","link":"https:\/\/hotelaugustus.augustushotels.es\/de\/haftungsausschluss\/","title":{"rendered":"Haftungsausschluss"},"content":{"rendered":"\t\t<div data-elementor-type=\"wp-page\" data-elementor-id=\"21516\" class=\"elementor elementor-21516 elementor-13888\" data-elementor-post-type=\"page\">\n\t\t\t\t<div class=\"elementor-element elementor-element-a8df9eb cs-section-content-fullwidth cs_scroll_y_120 cs-parallax-on-scroll e-flex e-con-boxed e-con e-parent\" data-id=\"a8df9eb\" data-element_type=\"container\" data-e-type=\"container\" data-settings=\"{&quot;background_background&quot;:&quot;slideshow&quot;,&quot;background_slideshow_gallery&quot;:[{&quot;id&quot;:15415,&quot;url&quot;:&quot;https:\\\/\\\/hotelaugustus.augustushotels.es\\\/wp-content\\\/uploads\\\/2026\\\/01\\\/Augustus-mar-y-piscina.webp&quot;},{&quot;id&quot;:15434,&quot;url&quot;:&quot;https:\\\/\\\/hotelaugustus.augustushotels.es\\\/wp-content\\\/uploads\\\/2026\\\/01\\\/apartamentos-augustus.webp&quot;},{&quot;id&quot;:15432,&quot;url&quot;:&quot;https:\\\/\\\/hotelaugustus.augustushotels.es\\\/wp-content\\\/uploads\\\/2026\\\/01\\\/hotel-augustus.webp&quot;}],&quot;background_slideshow_ken_burns&quot;:&quot;yes&quot;,&quot;background_slideshow_lazyload&quot;:&quot;yes&quot;,&quot;background_slideshow_loop&quot;:&quot;yes&quot;,&quot;background_slideshow_slide_duration&quot;:5000,&quot;background_slideshow_slide_transition&quot;:&quot;fade&quot;,&quot;background_slideshow_transition_duration&quot;:500,&quot;background_slideshow_ken_burns_zoom_direction&quot;:&quot;in&quot;}\" data-cs-parallax-y=\"120\">\n\t\t\t\t\t<div class=\"e-con-inner\">\n\t\t\t\t\t<\/div>\n\t\t\t\t<\/div>\n\t\t<div class=\"elementor-element elementor-element-7315c8a e-flex e-con-boxed e-con e-parent\" data-id=\"7315c8a\" data-element_type=\"container\" data-e-type=\"container\">\n\t\t\t\t\t<div class=\"e-con-inner\">\n\t\t\t\t<div class=\"elementor-element elementor-element-996df17 elementor-widget elementor-widget-cs_title\" data-id=\"996df17\" data-element_type=\"widget\" data-e-type=\"widget\" data-widget_type=\"cs_title.default\">\n\t\t\t\t<div class=\"elementor-widget-container\">\n\t\t\t\t\t\n        <div class=\"cs-title-wrap text-center\">\t            <div class=\"cs-subtitle-wrap\"><span class=\"cs-subtitle\">AUGUSTUS HOTELS<\/span><\/div>\t            <h4 class=\"cs-title\">\n\t                Haftungsausschluss\t            <\/h4>        <\/div>\t\t\t\t<\/div>\n\t\t\t\t<\/div>\n\t\t\t\t\t<\/div>\n\t\t\t\t<\/div>\n\t\t<div class=\"elementor-element elementor-element-5e1695f5 e-flex e-con-boxed e-con e-parent\" data-id=\"5e1695f5\" data-element_type=\"container\" data-e-type=\"container\">\n\t\t\t\t\t<div class=\"e-con-inner\">\n\t\t\t\t<div class=\"elementor-element elementor-element-4057cb32 augustus-legal-txt elementor-widget elementor-widget-shortcode\" data-id=\"4057cb32\" data-element_type=\"widget\" data-e-type=\"widget\" data-widget_type=\"shortcode.default\">\n\t\t\t\t\t\t\t<div class=\"elementor-shortcode\">\n<!-- Legal document generated by Complianz | GDPR\/CCPA Cookie Consent https:\/\/wordpress.org\/plugins\/complianz-gdpr -->\n<div id=\"cmplz-document\" class=\"cmplz-document disclaimer cmplz-document-all\"><p>AUGUSTUS HOTELS (CENTUR, SL) ist dazu verpflichtet, diese Website aktuell und akkurat zu halten. Solltest du dennoch auf irgendetwas sto\u00dfen, das veraltet oder inkorrekt ist, w\u00fcrden wir es sch\u00e4tzen, wenn du es uns wissen l\u00e4sst. Bitte weise darauf hin, wo du auf der Seite die Information gelesen hast. Wir werden uns dann so schnell wie m\u00f6glich darum k\u00fcmmern. Bitte sende deine R\u00fcckmeldung an: <span class=\"cmplz-obfuscate\">&#100;&#105;&#114;e&#099;&#099;&#105;&#111;n@<span class=\"cmplz-fmail-domain\">e&#120;.&#099;&#111;&#109;<\/span>&#104;&#111;&#116;&#101;&#108;&#097;&#117;&#103;&#117;&#115;t&#117;s&#046;e&#115;<\/span>.<\/p><p>Wir \u00fcbernehmen keine Haftung f\u00fcr aus Ungenauigkeit oder Unvollst\u00e4ndigkeit resultierenden Verluste, noch f\u00fcr entstehende Verluste oder Verbreitung von Informationen durch das Internet, wie St\u00f6rungen oder Unterbrechungen. Bei der Verwendung von Internetfomularen streben wir danach die Anzahl der ben\u00f6tigten Felder zu minimieren. F\u00fcr jegliche Verluste die aus der Verwendung von AUGUSTUS HOTELS (CENTUR, SL) empfohlener oder stammender Daten, Hinweisen oder Ideen \u00fcbernimmt AUGUSTUS HOTELS (CENTUR, SL) keine Haftung.<\/p><p>Jegliches intellektuelle Eigentumsrecht an Inhalten auf dieser Website ist im Besitz von AUGUSTUS HOTELS (CENTUR, SL).<\/p><p>Das Kopieren, Verbreiten oder jegliche andere Nutzung dieses Materials ist ohne die schriftliche Erlaubnis von AUGUSTUS HOTELS (CENTUR, SL) nicht gestattet, sofern in geltendem Gesetz nicht anders vereinbart oder ausgenommen (wie etwa das Recht zu zitieren), solang der spezifische Inhalt nichts anderes vorschreibt.<\/p><p>Wenn du Fragen oder Probleme mit der Verf\u00fcgbarkeit der Website hast, z\u00f6gere nicht uns zu kontaktieren.<\/p><\/div><\/div>\n\t\t\t\t\t\t<\/div>\n\t\t\t\t\t<\/div>\n\t\t\t\t<\/div>\n\t\t\t\t<\/div>\n\t\t","protected":false},"excerpt":{"rendered":"<p>AUGUSTUS HOTELS Haftungsausschluss<\/p>\n","protected":false},"author":1,"featured_media":0,"parent":0,"menu_order":0,"comment_status":"closed","ping_status":"closed","template":"elementor_header_footer","meta":{"cozystay_single_page_hide_site_header":"","cozystay_single_page_site_header_source":"","cozystay_single_page_custom_site_header":"0","cozystay_single_page_custom_sticky_site_header":"0","cozystay_single_page_hide_page_title":"","cozystay_single_page_header_section_size":"","cozystay_single_page_header_background_color":"","cozystay_single_page_header_background_position_x":"center","cozystay_single_page_header_background_position_y":"center","cozystay_single_page_header_background_size":"cover","cozystay_single_page_header_background_repeat":"off","cozystay_single_page_header_background_scroll":"on","cozystay_single_page_header_text_color":"","cozystay_single_page_header_show_breadcrumb":"","cozystay_single_page_site_footer_hide_main":"","cozystay_single_custom_site_footer_main_source":"","cozystay_single_custom_site_footer_main":"0","cozystay_single_page_site_footer_hide_above":"","cozystay_single_custom_site_footer_above_source":"","cozystay_single_custom_site_footer_above":"0","cozystay_single_page_site_footer_hide_instagram":"","cozystay_single_page_site_footer_hide_bottom":"","cozystay_single_custom_mobile_menu_source":"","cozystay_single_custom_mobile_menu":"0","cozystay_single_custom_mobile_menu_animation":"","cozystay_single_custom_mobile_menu_width":"","cozystay_single_custom_mobile_menu_custom_width":375,"footnotes":""},"class_list":["post-21516","page","type-page","status-publish","hentry"],"yoast_head":"<!-- This site is optimized with the Yoast SEO plugin v27.3 - https:\/\/yoast.com\/product\/yoast-seo-wordpress\/ -->\n<title>Haftungsausschluss | Hotel Augustus<\/title>\n<meta name=\"robots\" content=\"index, follow, max-snippet:-1, max-image-preview:large, max-video-preview:-1\" \/>\n<link rel=\"canonical\" href=\"https:\/\/hotelaugustus.augustushotels.es\/de\/haftungsausschluss\/\" \/>\n<meta property=\"og:locale\" content=\"de_DE\" \/>\n<meta property=\"og:type\" content=\"article\" \/>\n<meta property=\"og:title\" content=\"Haftungsausschluss | Hotel Augustus\" \/>\n<meta property=\"og:description\" content=\"AUGUSTUS HOTELS Haftungsausschluss\" \/>\n<meta property=\"og:url\" content=\"https:\/\/hotelaugustus.augustushotels.es\/de\/haftungsausschluss\/\" \/>\n<meta property=\"og:site_name\" content=\"Hotel Augustus\" \/>\n<meta property=\"article:modified_time\" content=\"2026-03-13T15:29:50+00:00\" \/>\n<meta name=\"twitter:card\" content=\"summary_large_image\" \/>\n<script type=\"application\/ld+json\" class=\"yoast-schema-graph\">{\"@context\":\"https:\\\/\\\/schema.org\",\"@graph\":[{\"@type\":\"WebPage\",\"@id\":\"https:\\\/\\\/hotelaugustus.augustushotels.es\\\/de\\\/haftungsausschluss\\\/\",\"url\":\"https:\\\/\\\/hotelaugustus.augustushotels.es\\\/de\\\/haftungsausschluss\\\/\",\"name\":\"Haftungsausschluss | Hotel Augustus\",\"isPartOf\":{\"@id\":\"https:\\\/\\\/hotelaugustus.augustushotels.es\\\/de\\\/#website\"},\"datePublished\":\"2026-01-05T00:14:46+00:00\",\"dateModified\":\"2026-03-13T15:29:50+00:00\",\"breadcrumb\":{\"@id\":\"https:\\\/\\\/hotelaugustus.augustushotels.es\\\/de\\\/haftungsausschluss\\\/#breadcrumb\"},\"inLanguage\":\"de\",\"potentialAction\":[{\"@type\":\"ReadAction\",\"target\":[\"https:\\\/\\\/hotelaugustus.augustushotels.es\\\/de\\\/haftungsausschluss\\\/\"]}]},{\"@type\":\"BreadcrumbList\",\"@id\":\"https:\\\/\\\/hotelaugustus.augustushotels.es\\\/de\\\/haftungsausschluss\\\/#breadcrumb\",\"itemListElement\":[{\"@type\":\"ListItem\",\"position\":1,\"name\":\"Portada\",\"item\":\"https:\\\/\\\/hotelaugustus.augustushotels.es\\\/de\\\/\"},{\"@type\":\"ListItem\",\"position\":2,\"name\":\"Haftungsausschluss\"}]},{\"@type\":\"WebSite\",\"@id\":\"https:\\\/\\\/hotelaugustus.augustushotels.es\\\/de\\\/#website\",\"url\":\"https:\\\/\\\/hotelaugustus.augustushotels.es\\\/de\\\/\",\"name\":\"Hotel Augustus\",\"description\":\"Hotel en Cambrils en primera l\u00ednea de playa.\",\"potentialAction\":[{\"@type\":\"SearchAction\",\"target\":{\"@type\":\"EntryPoint\",\"urlTemplate\":\"https:\\\/\\\/hotelaugustus.augustushotels.es\\\/de\\\/?s={search_term_string}\"},\"query-input\":{\"@type\":\"PropertyValueSpecification\",\"valueRequired\":true,\"valueName\":\"search_term_string\"}}],\"inLanguage\":\"de\"}]}<\/script>\n<!-- \/ Yoast SEO plugin. -->","yoast_head_json":{"title":"Haftungsausschluss | Hotel Augustus","robots":{"index":"index","follow":"follow","max-snippet":"max-snippet:-1","max-image-preview":"max-image-preview:large","max-video-preview":"max-video-preview:-1"},"canonical":"https:\/\/hotelaugustus.augustushotels.es\/de\/haftungsausschluss\/","og_locale":"de_DE","og_type":"article","og_title":"Haftungsausschluss | Hotel Augustus","og_description":"AUGUSTUS HOTELS Haftungsausschluss","og_url":"https:\/\/hotelaugustus.augustushotels.es\/de\/haftungsausschluss\/","og_site_name":"Hotel Augustus","article_modified_time":"2026-03-13T15:29:50+00:00","twitter_card":"summary_large_image","schema":{"@context":"https:\/\/schema.org","@graph":[{"@type":"WebPage","@id":"https:\/\/hotelaugustus.augustushotels.es\/de\/haftungsausschluss\/","url":"https:\/\/hotelaugustus.augustushotels.es\/de\/haftungsausschluss\/","name":"Haftungsausschluss | Hotel Augustus","isPartOf":{"@id":"https:\/\/hotelaugustus.augustushotels.es\/de\/#website"},"datePublished":"2026-01-05T00:14:46+00:00","dateModified":"2026-03-13T15:29:50+00:00","breadcrumb":{"@id":"https:\/\/hotelaugustus.augustushotels.es\/de\/haftungsausschluss\/#breadcrumb"},"inLanguage":"de","potentialAction":[{"@type":"ReadAction","target":["https:\/\/hotelaugustus.augustushotels.es\/de\/haftungsausschluss\/"]}]},{"@type":"BreadcrumbList","@id":"https:\/\/hotelaugustus.augustushotels.es\/de\/haftungsausschluss\/#breadcrumb","itemListElement":[{"@type":"ListItem","position":1,"name":"Portada","item":"https:\/\/hotelaugustus.augustushotels.es\/de\/"},{"@type":"ListItem","position":2,"name":"Haftungsausschluss"}]},{"@type":"WebSite","@id":"https:\/\/hotelaugustus.augustushotels.es\/de\/#website","url":"https:\/\/hotelaugustus.augustushotels.es\/de\/","name":"Hotel Augustus","description":"Hotel en Cambrils en primera l\u00ednea de playa.","potentialAction":[{"@type":"SearchAction","target":{"@type":"EntryPoint","urlTemplate":"https:\/\/hotelaugustus.augustushotels.es\/de\/?s={search_term_string}"},"query-input":{"@type":"PropertyValueSpecification","valueRequired":true,"valueName":"search_term_string"}}],"inLanguage":"de"}]}},"_links":{"self":[{"href":"https:\/\/hotelaugustus.augustushotels.es\/de\/wp-json\/wp\/v2\/pages\/21516","targetHints":{"allow":["GET"]}}],"collection":[{"href":"https:\/\/hotelaugustus.augustushotels.es\/de\/wp-json\/wp\/v2\/pages"}],"about":[{"href":"https:\/\/hotelaugustus.augustushotels.es\/de\/wp-json\/wp\/v2\/types\/page"}],"author":[{"embeddable":true,"href":"https:\/\/hotelaugustus.augustushotels.es\/de\/wp-json\/wp\/v2\/users\/1"}],"replies":[{"embeddable":true,"href":"https:\/\/hotelaugustus.augustushotels.es\/de\/wp-json\/wp\/v2\/comments?post=21516"}],"version-history":[{"count":1,"href":"https:\/\/hotelaugustus.augustushotels.es\/de\/wp-json\/wp\/v2\/pages\/21516\/revisions"}],"predecessor-version":[{"id":21517,"href":"https:\/\/hotelaugustus.augustushotels.es\/de\/wp-json\/wp\/v2\/pages\/21516\/revisions\/21517"}],"wp:attachment":[{"href":"https:\/\/hotelaugustus.augustushotels.es\/de\/wp-json\/wp\/v2\/media?parent=21516"}],"curies":[{"name":"wp","href":"https:\/\/api.w.org\/{rel}","templated":true}]}}